{"id":18696,"date":"2021-01-26T11:08:29","date_gmt":"2021-01-26T11:08:29","guid":{"rendered":"http:\/\/194.249.1.175\/?page_id=18696"},"modified":"2024-04-17T10:40:16","modified_gmt":"2024-04-17T09:40:16","slug":"news","status":"publish","type":"page","link":"http:\/\/www.twinbrain.si\/?page_id=18696","title":{"rendered":"News"},"content":{"rendered":"\t\t<div data-elementor-type=\"wp-page\" data-elementor-id=\"18696\" class=\"elementor elementor-18696\">\n\t\t\t\t\t\t<section class=\"elementor-section elementor-top-section elementor-element elementor-element-74a7c093 elementor-section-boxed elementor-section-height-default elementor-section-height-default parallax_section_no qode_elementor_container_no\" data-id=\"74a7c093\" data-element_type=\"section\" data-e-type=\"section\">\n\t\t\t\t\t\t<div class=\"elementor-container elementor-column-gap-default\">\n\t\t\t\t\t<div class=\"elementor-column elementor-col-100 elementor-top-column elementor-element elementor-element-1019ad49\" data-id=\"1019ad49\" data-element_type=\"column\" data-e-type=\"column\">\n\t\t\t<div class=\"elementor-widget-wrap elementor-element-populated\">\n\t\t\t\t\t\t<div class=\"elementor-element elementor-element-6a09b9c7 elementor-widget__width-initial elementor-widget elementor-widget-text-editor\" data-id=\"6a09b9c7\" data-element_type=\"widget\" data-e-type=\"widget\" data-widget_type=\"text-editor.default\">\n\t\t\t\t<div class=\"elementor-widget-container\">\n\t\t\t\t\t\t\t\t\t<h3>28 March 2024<\/h3>\n<hr \/>\n<h1><strong>Opening of New SloMoBIL Premises<\/strong><\/h1>\n<p>\u00a0<\/p>\n<p>On Wednesday, March 28, 2024, we celebrated a significant milestone for the TwinBrain project (highlighting the long-term impact). On the occasion of the 30th anniversary of the Scientific Research Center Koper (ZRS Koper) and the 20th anniversary of the Institute for Kinesiology Research (IKARUS ZRS), we ceremoniously inaugurated the new premises of the Mediterranean Health Center ZRS Koper and the Laboratory IKARUS and SloMoBIL (ZRS Koper). These facilities are located at Pristani\u0161ka 45 Street in Koper. On this occasion, researchers also paid tribute to one of the pioneers in our field, the Koper physician Santorio Santorio, who laid the foundations of quantitative medicine and physiology 400 years ago.<\/p>\n<p>\u00a0<\/p>\n<p>We are pleased to announce that SloMoBIL has acquired new premises, now spanning 200 square meters, compared to the previous 90 square meters. This enables further work and brings a new impetus to researchers in the field of Neuroscience of Movement and beyond.<\/p>\n<p><img fetchpriority=\"high\" decoding=\"async\" class=\"alignnone wp-image-22071 \" src=\"http:\/\/www.twinbrain.si\/wp-content\/uploads\/2024\/03\/SloMoBIL_opening2024-1-768x1024.jpg\" alt=\"\" width=\"295\" height=\"394\" srcset=\"http:\/\/www.twinbrain.si\/wp-content\/uploads\/2024\/03\/SloMoBIL_opening2024-1-768x1024.jpg 768w, http:\/\/www.twinbrain.si\/wp-content\/uploads\/2024\/03\/SloMoBIL_opening2024-1-225x300.jpg 225w, http:\/\/www.twinbrain.si\/wp-content\/uploads\/2024\/03\/SloMoBIL_opening2024-1-1152x1536.jpg 1152w, http:\/\/www.twinbrain.si\/wp-content\/uploads\/2024\/03\/SloMoBIL_opening2024-1-600x800.jpg 600w, http:\/\/www.twinbrain.si\/wp-content\/uploads\/2024\/03\/SloMoBIL_opening2024-1-700x933.jpg 700w, http:\/\/www.twinbrain.si\/wp-content\/uploads\/2024\/03\/SloMoBIL_opening2024-1.jpg 1200w\" sizes=\"(max-width: 295px) 100vw, 295px\" \/><\/p>\n<p>\u00a0<\/p>\n<h3>18 january 2024<\/h3>\n<hr \/>\n<h1><strong>European Commission highlights TwinBrain Project as a success story in neuroscience of movement<\/strong><\/h1>\n<p>\u00a0<\/p>\n<p>In a recent announcement, the European Commission has recognized the TwinBrain project (TWINning the BRAIN with machine learning for neuro-muscular efficiency, Spreading Excellence and Widening Participation, H2020-2018-2020, grant number: 952401) as a <strong>noteworthy success story<\/strong>.<\/p>\n<p>\u00a0<\/p>\n<p>Further content available <a href=\"https:\/\/projects.research-and-innovation.ec.europa.eu\/en\/projects\/success-stories\/all\/new-technique-view-brain-activity-bodies-motion\">HERE<\/a>.<\/p>\n<p>\u00a0<\/p>\n<p>\u00a0<\/p>\n<h3>25 februar 2022<\/h3>\n<hr \/>\n<h1><strong>TwinBrain round table 1.0: WOMEN IN SCIENCE<\/strong><\/h1>\n<p>\u00a0<\/p>\n<p>An event held on 11 February, in conjunction with the International Day of Women and Girls in Science, held by the Institute for Kinesiology Research (ZRS Koper), was a round table entitled &#8220;Women in Science: The System of Equality <strong>\u00a0\u2260\u00a0<\/strong> Equal Opportunities&#8221; at the Koper Theater. It was part of the TwinBrain project (TWINning the BRAIN with machine learning for neuromuscular efficiency, Spreading Excellence and Widening Participation (H2020-2018-2020).<\/p>\n<p>\u00a0<\/p>\n<p>From the standpoint of the participants, the discussion was centered around the question of whether the equality system represents equal opportunities for both genders. Dr. Sa\u0161a Pi\u0161ot, a research fellow from the Institute for Kinesiology Research, ZRS Koper, moderated the discussion.<\/p>\n<p>\u00a0<\/p>\n<p>Further content available <a href=\"https:\/\/www.zrs-kp.si\/index.php\/2022\/02\/17\/zenske-v-znanosti-zenske-zelimo-zgolj-povedati-da-smo-tu-in-da-smo-ambiciozne\/\">HERE<\/a>.<\/p>\n<p><img decoding=\"async\" class=\"alignnone size-medium wp-image-19307\" src=\"http:\/\/www.twinbrain.si\/wp-content\/uploads\/2022\/02\/zenske-v-znanosti-300x192.jpg\" alt=\"\" width=\"300\" height=\"192\" srcset=\"http:\/\/www.twinbrain.si\/wp-content\/uploads\/2022\/02\/zenske-v-znanosti-300x192.jpg 300w, http:\/\/www.twinbrain.si\/wp-content\/uploads\/2022\/02\/zenske-v-znanosti-1024x656.jpg 1024w, http:\/\/www.twinbrain.si\/wp-content\/uploads\/2022\/02\/zenske-v-znanosti-768x492.jpg 768w, http:\/\/www.twinbrain.si\/wp-content\/uploads\/2022\/02\/zenske-v-znanosti-700x449.jpg 700w, http:\/\/www.twinbrain.si\/wp-content\/uploads\/2022\/02\/zenske-v-znanosti-600x385.jpg 600w, http:\/\/www.twinbrain.si\/wp-content\/uploads\/2022\/02\/zenske-v-znanosti.jpg 1170w\" sizes=\"(max-width: 300px) 100vw, 300px\" \/><\/p>\n<p>\u00a0<\/p>\n<h3 style=\"text-align: left;\">29 september 2021<\/h3>\n<hr \/>\n<h1 class=\"MsoNormal\"><span lang=\"EN-GB\">TRIESTE NEXT: ZRS Koper and TwinBrain contributed to the crossroads of<br \/>science<\/span><\/h1>\n<p>\u00a0<\/p>\n<p class=\"MsoNormal\"><span lang=\"EN-GB\">Last weekend, for the tenth year in a row, Trieste became a crossroads of science. The jubilee edition of the Trieste Next event took place on Veliki and Verdi square, with as many as 200 lecturers performing live and the organizers prepared a 100 meetings and 200 accompanying events. At a lecture on Parkinson&#8217;s disease in the field of neuroscience, robotics, and movement, the director of ZRS Koper, prof. Rado Pi\u0161ot, PhD, and TwinBrain project manager,<\/span><\/p>\n<p><span lang=\"EN-GB\">Uro\u0161 Maru\u0161i\u010d, PhD.<\/span><\/p>\n<p><span lang=\"EN-GB\">Further content available <a href=\"https:\/\/www.zrs-kp.si\/index.php\/2021\/09\/29\/trieste-next-sticiscu-znanosti-prispeval-tudi-zrs-koper\/\">HERE<\/a>.<\/span><\/p>\n<p class=\"MsoNormal\"><span lang=\"EN-GB\">\u00a0<\/span><\/p>\n<p>\u00a0<\/p>\n<p class=\"MsoNormal\"><span lang=\"EN-GB\">\u00a0<\/span><\/p>\n<h3 class=\"MsoNormal\"><span lang=\"EN-GB\">\u00a08 july 2021<\/span><\/h3>\n<hr \/>\n<h1 class=\"MsoNormal\"><span lang=\"EN-GB\">Koper has a new research laboratory in the field of motion neuroscience<\/span><\/h1>\n<p>\u00a0<\/p>\n<p class=\"MsoNormal\"><span lang=\"EN-GB\">A new laboratory, SloMoBIL: Slovenian Mobile Brain \/ Body Imaging Laboratory, already started operating within the Scientific Research Center (ZRS) Koper. Equipped with the latest technology to research neuromuscular efficiency, the lab will make an important contribution to conducting research aimed at an in-depth understanding of our brains during movement.<\/span><\/p>\n<p class=\"MsoNormal\"><span lang=\"EN-GB\">Further content available <a href=\"https:\/\/ekopercapodistria.si\/novice\/koper-z-novim-raziskovalnim-laboratorijem-s-podrocja-nevroznanosti-gibanja\/\">HERE<\/a><\/span><span lang=\"SL\">.<\/span><\/p>\n<p class=\"MsoNormal\"><span lang=\"EN-GB\">\u00a0<\/span><\/p>\n<p>\u00a0<\/p>\n<h3 class=\"MsoNormal\"><span lang=\"EN-GB\">\u00a02 july 2021<\/span><\/h3>\n<hr \/>\n<h1 class=\"MsoNormal\"><span lang=\"EN-GB\">Summer School Neuroscience of movement\u00a0 <\/span><\/h1>\n<p>\u00a0<\/p>\n<p class=\"MsoNormal\"><span lang=\"EN-GB\">At the beginning of July 2021, a summer school entitled &#8220;NEUROSCIENCE OF MOVEMENT: EXPLORING THE DYNAMICS OF THE HUMAN BRAIN IN MOTION&#8221; took place in Piran and remotely through Zoom. <\/span><span lang=\"EN-GB\">The summer school was intended for doctoral and master&#8217;s students in the fields of kinesiology, physiotherapy, psychology, cognitive science, biomedical engineering and other related sciences.<\/span><\/p>\n<p class=\"MsoNormal\"><span lang=\"EN-GB\">Further content available <a href=\"http:\/\/www.twinbrain.si\/?page_id=19021\">HERE<\/a>.<\/span><\/p>\n<p class=\"MsoNormal\"><span lang=\"EN-GB\">\u00a0<\/span><\/p>\n<p>\u00a0<\/p>\n<h3 style=\"text-align: left;\">\u00a0<\/h3>\n<h3 style=\"text-align: left;\">22 APRIL 2021<\/h3>\n<hr \/>\n<h1>TwinBrain Workshop 1.0: Mobile Brain\/Body Imaging (MoBI)<\/h1>\n<p>\u00a0<\/p>\n<p>The Berlin Mobile Brain\/Body Imaging labs (BeMoBIL) at @TUBerlin will host the first MoBI workshop from May 25th to May 27th supported by the EU Horizon 2020 program (TwinBrain ID:952401). The workshop will be streamed live allowing for interactions among participants and presenters. Details and the workshop website will be launched in April.<\/p>\n<p><strong>May 25th:<\/strong> The workshop will start with a full day of background lectures on MoBI with a virtual lab tour of the Berlin Mobile Brain\/Body Imaging Labs providing the opportunity to meet with researchers and to discuss specific MoBI research questions from hardware to theory.<\/p>\n<p>\u00a0<\/p>\n<p>Presenters will be @Janna Protzak, @SarahBlum, and @MartinSeeber, and @KlausGramann with a keynote on Tuesday by @DanFerris<br \/>Then, two days of hands-on modules follow.<\/p>\n<p><strong>May 26th:<\/strong> Hands-on modules will cover the topics<br \/>&#8211; \u201cBrain Imaging Data Structure (BIDS) for MoBI data\u201d,<br \/>&#8211; \u201cData synchronization with the Lab-Streamin-Layer (LSL)\u201d,<br \/>&#8211; \u201eMoBI data import and preprocessing\u201c,<br \/>&#8211; \u201cMultimodal event extraction and data preprocessing\u201d, and<br \/>&#8211; \u201eClustering of MoBI data\u201c.<\/p>\n<p><strong>May 27th:<\/strong> Hands-on modules will cover the topics<br \/>&#8211; \u201cDeconvolution of MoBI data \u2013 the unfold toolbox\u201d,<br \/>&#8211; \u201eGait analyses \u2013 biomechanical aspects\u201c, and<br \/>&#8211; \u201cGait analyses \u2013 brain dynamics\u201d.<\/p>\n<p>We are very happy to have @BenediktEhinger, @OlafDimigen, @MartinSeeber, @BettiWollesen, @UrosMarusic, @SeinJeung, @MariusKlug, @JannaProtzak, @AnnaWunderlich to provide insights into the background and analyses approaches of the hands-on topics.<\/p>\n<p>Looking forward to seeing you in May!<\/p>\n<p>Interested in this workshop please send an email with your full name and affiliation to: <strong>MoBI-Workshop@protonmail.com<\/strong><\/p>\n<p>\u00a0<\/p>\n<p><\/p>\n<figure><img decoding=\"async\" src=\"http:\/\/www.twinbrain.si\/wp-content\/uploads\/2021\/04\/TwinBrainWorkshop1_Berlin-1024x727.png\" alt=\"\" \/><\/figure>\n<p><\/p>\n<p><\/p>\n<div style=\"height: 128px;\" aria-hidden=\"true\">\u00a0<\/div>\n<p><\/p>\n<h3 style=\"text-align: left;\">11 March 2021<\/h3>\n<hr \/>\n<h1>Presentation of the TwinBrain project on RTV Slovenia<\/h1>\n<p>\u00a0<\/p>\n<p>Dr. Uro\u0161 Maru\u0161i\u010d (TwinBrain Principal Investigator) presented activities of the TwinBrain project at the national TV on 24 February 2021 (online 11 March 2021) . Link to the interview:<\/p>\n<p><a href=\"https:\/\/4d.rtvslo.si\/arhiv\/s-prehodi\/174760067\">https:\/\/4d.rtvslo.si\/arhiv\/s-prehodi\/174760067<\/a><\/p>\n<p><\/p>\n<div style=\"height: 128px;\" aria-hidden=\"true\">\u00a0<\/div>\n<p><\/p>\n<h3>10 November 2020<\/h3>\n<hr \/>\n<h1>Kick-off meeting of the TwinBrain project on 10 November 2020<\/h1>\n<p>\u00a0<\/p>\n<p>Successful completion of the TwinBrain kick-off meeting and official start of the TwinBrain project.<\/p>\n<p>\u00a0<\/p>\n<p><\/p>\n<figure class=\"wp-block-gallery-2 is-layout-flex wp-block-gallery-is-layout-flex\">\n<ul>\n<li>\n<figure><img decoding=\"async\" src=\"http:\/\/www.twinbrain.si\/wp-content\/uploads\/2021\/04\/odbrc1-1.jpg\" alt=\"\" data-id=\"18837\" data-full-url=\"http:\/\/www.twinbrain.si\/wp-content\/uploads\/2021\/04\/odbrc1-1.jpg\" data-link=\"http:\/\/www.twinbrain.si\/?attachment_id=18837\" \/><\/figure>\n<\/li>\n<li>\n<figure><img decoding=\"async\" src=\"http:\/\/www.twinbrain.si\/wp-content\/uploads\/2021\/04\/odbrc2-1024x576.jpg\" alt=\"\" data-id=\"18838\" data-full-url=\"http:\/\/www.twinbrain.si\/wp-content\/uploads\/2021\/04\/odbrc2.jpg\" data-link=\"http:\/\/www.twinbrain.si\/?attachment_id=18838\" \/><\/figure>\n<\/li>\n<li>\n<figure><img decoding=\"async\" src=\"http:\/\/www.twinbrain.si\/wp-content\/uploads\/2021\/04\/odbrc3-1024x659.jpg\" alt=\"\" data-id=\"18839\" data-full-url=\"http:\/\/www.twinbrain.si\/wp-content\/uploads\/2021\/04\/odbrc3.jpg\" data-link=\"http:\/\/www.twinbrain.si\/?attachment_id=18839\" \/><\/figure>\n<\/li>\n<\/ul>\n<\/figure>\n<p><\/p>\n<p><\/p>\n<div style=\"height: 128px;\" aria-hidden=\"true\">\u00a0<\/div>\n<p><\/p>\n<p><\/p>\n<p><\/p>\t\t\t\t\t\t\t\t<\/div>\n\t\t\t\t<\/div>\n\t\t\t\t\t<\/div>\n\t\t<\/div>\n\t\t\t\t\t<\/div>\n\t\t<\/section>\n\t\t\t\t<section class=\"elementor-section elementor-top-section elementor-element elementor-element-0e1a776 elementor-section-boxed elementor-section-height-default elementor-section-height-default parallax_section_no qode_elementor_container_no\" data-id=\"0e1a776\" data-element_type=\"section\" data-e-type=\"section\">\n\t\t\t\t\t\t<div class=\"elementor-container elementor-column-gap-default\">\n\t\t\t\t\t<div class=\"elementor-column elementor-col-100 elementor-top-column elementor-element elementor-element-f1d380a\" data-id=\"f1d380a\" data-element_type=\"column\" data-e-type=\"column\">\n\t\t\t<div class=\"elementor-widget-wrap elementor-element-populated\">\n\t\t\t\t\t\t<div class=\"elementor-element elementor-element-6ab4366 elementor-widget elementor-widget-image\" data-id=\"6ab4366\" data-element_type=\"widget\" data-e-type=\"widget\" data-widget_type=\"image.default\">\n\t\t\t\t<div class=\"elementor-widget-container\">\n\t\t\t\t\t\t\t\t\t\t\t\t\t\t\t<img decoding=\"async\" src=\"http:\/\/www.twinbrain.si\/wp-content\/plugins\/elementor\/assets\/images\/placeholder.png\" title=\"\" alt=\"\" loading=\"lazy\" \/>\t\t\t\t\t\t\t\t\t\t\t\t\t\t\t<\/div>\n\t\t\t\t<\/div>\n\t\t\t\t\t<\/div>\n\t\t<\/div>\n\t\t\t\t\t<\/div>\n\t\t<\/section>\n\t\t\t\t<\/div>\n\t\t","protected":false},"excerpt":{"rendered":"<p>28 March 2024 Opening of New SloMoBIL Premises \u00a0 On Wednesday, March 28, 2024, we celebrated a significant milestone for the TwinBrain project (highlighting the long-term impact). On the occasion of the 30th anniversary of the Scientific Research Center Koper (ZRS Koper) and the 20th&#8230;<\/p>\n","protected":false},"author":1,"featured_media":0,"parent":0,"menu_order":0,"comment_status":"closed","ping_status":"closed","template":"","meta":{"footnotes":""},"class_list":["post-18696","page","type-page","status-publish","hentry"],"_links":{"self":[{"href":"http:\/\/www.twinbrain.si\/index.php?rest_route=\/wp\/v2\/pages\/18696","targetHints":{"allow":["GET"]}}],"collection":[{"href":"http:\/\/www.twinbrain.si\/index.php?rest_route=\/wp\/v2\/pages"}],"about":[{"href":"http:\/\/www.twinbrain.si\/index.php?rest_route=\/wp\/v2\/types\/page"}],"author":[{"embeddable":true,"href":"http:\/\/www.twinbrain.si\/index.php?rest_route=\/wp\/v2\/users\/1"}],"replies":[{"embeddable":true,"href":"http:\/\/www.twinbrain.si\/index.php?rest_route=%2Fwp%2Fv2%2Fcomments&post=18696"}],"version-history":[{"count":113,"href":"http:\/\/www.twinbrain.si\/index.php?rest_route=\/wp\/v2\/pages\/18696\/revisions"}],"predecessor-version":[{"id":22094,"href":"http:\/\/www.twinbrain.si\/index.php?rest_route=\/wp\/v2\/pages\/18696\/revisions\/22094"}],"wp:attachment":[{"href":"http:\/\/www.twinbrain.si\/index.php?rest_route=%2Fwp%2Fv2%2Fmedia&parent=18696"}],"curies":[{"name":"wp","href":"https:\/\/api.w.org\/{rel}","templated":true}]}}