{"id":18702,"date":"2021-01-26T11:14:26","date_gmt":"2021-01-26T11:14:26","guid":{"rendered":"http:\/\/194.249.1.175\/?page_id=18702"},"modified":"2024-03-12T11:44:22","modified_gmt":"2024-03-12T10:44:22","slug":"publications","status":"publish","type":"page","link":"http:\/\/www.twinbrain.si\/?page_id=18702","title":{"rendered":"Publications"},"content":{"rendered":"\t\t<div data-elementor-type=\"wp-page\" data-elementor-id=\"18702\" class=\"elementor elementor-18702\">\n\t\t\t\t\t\t<section class=\"elementor-section elementor-top-section elementor-element elementor-element-2dda597 elementor-section-boxed elementor-section-height-default elementor-section-height-default parallax_section_no qode_elementor_container_no\" data-id=\"2dda597\" data-element_type=\"section\" data-e-type=\"section\">\n\t\t\t\t\t\t<div class=\"elementor-container elementor-column-gap-default\">\n\t\t\t\t\t<div class=\"elementor-column elementor-col-100 elementor-top-column elementor-element elementor-element-3b1a87d6\" data-id=\"3b1a87d6\" data-element_type=\"column\" data-e-type=\"column\">\n\t\t\t<div class=\"elementor-widget-wrap elementor-element-populated\">\n\t\t\t\t\t\t<div class=\"elementor-element elementor-element-7c3e7902 elementor-widget elementor-widget-text-editor\" data-id=\"7c3e7902\" data-element_type=\"widget\" data-e-type=\"widget\" data-widget_type=\"text-editor.default\">\n\t\t\t\t<div class=\"elementor-widget-container\">\n\t\t\t\t\t\t\t\t\t<h3><strong>Journals<\/strong><\/h3><ul><li><a href=\"https:\/\/pubmed.ncbi.nlm.nih.gov\/38239490\/\">Marusic, U., &amp; Mahoney, J. R. (2024). Editorial: The intersection of cognitive, motor, and sensory processing in aging: links to functional outcomes, volume II. <i>Frontiers in aging neuroscience<\/i>, <i>15<\/i>, 1340547. <\/a><\/li><li><a href=\"https:\/\/pubmed.ncbi.nlm.nih.gov\/38009088\/\">Marusic, U., Peskar, M., \u0160\u00f6men, M. M., Kalc, M., Holobar, A., Gramann, K., Wollesen, B., Wunderlich, A., Michel, C., Miladinovi\u0107, A., Catalan, M., Buoite Stella, A., Ajcevic, M., &amp; Manganotti, P. (2023). Neuromuscular assessment of force development, postural, and gait performance under cognitive-motor dual-tasking in healthy older adults and people with early Parkinson&#8217;s disease: Study protocol for a cross-sectional Mobile Brain\/Body Imaging (MoBI) study. <i>Open research Europe<\/i>, <i>3<\/i>, 58.<\/a> <\/li><li><a href=\"https:\/\/pubmed.ncbi.nlm.nih.gov\/37847068\/\">Proost, M., Habay, J., DE Wachter, J., DE Pauw, K., Marusic, U., Meeusen, R., DE Bock, S., Roelands, B., &amp; VAN Cutsem, J. (2024). The Impact of Mental Fatigue on a Strength Endurance Task: Is There a Role for the Movement-Related Cortical Potential?. <i>Medicine and science in sports and exercise<\/i>, <i>56<\/i>(3), 435\u2013445.<\/a><\/li><li><a href=\"https:\/\/pubmed.ncbi.nlm.nih.gov\/37674784\/\">\u0160losar, L., Peskar, M., Pi\u0161ot, R., &amp; Marusic, U. (2023). Environmental enrichment through virtual reality as multisensory stimulation to mitigate the negative effects of prolonged bed rest. <i>Frontiers in aging neuroscience<\/i>, <i>15<\/i>, 1169683.<\/a><\/li><li><a href=\"https:\/\/pubmed.ncbi.nlm.nih.gov\/37452683\/\">Paravlic, A., \u0160losar, L., Abazovic, E., &amp; Marusic, U. (2023). Effects of digital-based interventions on muscular strength in adults: a systematic review, meta-analysis and meta-regression of randomized controlled trials with quality of evidence assessment. <i>Annals of medicine<\/i>, <i>55<\/i>(1), 2230886.<\/a><\/li><li><a href=\"https:\/\/pubmed.ncbi.nlm.nih.gov\/37434737\/\">Meulenberg, C. J. W., Rehfeld, K., Jovanovi\u0107, S., &amp; Marusic, U. (2023). Unleashing the potential of dance: a neuroplasticity-based approach bridging from older adults to Parkinson&#8217;s disease patients. <i>Frontiers in aging neuroscience<\/i>, <i>15<\/i>, 1188855.<\/a><\/li><li><a href=\"https:\/\/pubmed.ncbi.nlm.nih.gov\/37327132\/\">\u0160losar, L., Pu\u0161, K., &amp; Maru\u0161i\u010d, U. (2023). Validation of the Slovenian Version of the Movement Imagery Questionnaire for Children (MIQ-C): A Measurement Tool to Assess the Imagery Ability of Motor Tasks in Children. <i>Zdravstveno varstvo<\/i>, <i>62<\/i>(3), 113\u2013120.<\/a><\/li><li><a href=\"https:\/\/www.ncbi.nlm.nih.gov\/pmc\/articles\/PMC10252562\/\">Peskar, M., \u0160imuni\u010d, B., \u0160losar, L., Pi\u0161ot, S., Tera\u017e, K., Gasparini, M., Pi\u0161ot, R., &amp; Marusic, U. (2023). Effects of COVID-19 on cognition and mood after hospitalization and at 2-month follow-up. <i>Frontiers in psychology<\/i>, <i>14<\/i>, 1141809.<\/a><\/li><li><a href=\"https:\/\/pubmed.ncbi.nlm.nih.gov\/37086478\/\">Roytman, S., Paalanen, R., Griggs, A., David, S., Pongmala, C., Koeppe, R. A., Scott, P. J. H., Marusic, U., Kanel, P., &amp; Bohnen, N. I. (2023). Cholinergic system correlates of postural control changes in Parkinson&#8217;s disease freezers. <i>Brain : a journal of neurology<\/i>, <i>146<\/i>(8), 3243\u20133257.<\/a><\/li><li><a href=\"https:\/\/pubmed.ncbi.nlm.nih.gov\/36931590\/\" target=\"_blank\" rel=\"noopener\">Peskar, M., Omejc, N., \u0160\u00f6men, M. M., Miladinovi\u0107, A., Gramann, K., &amp; Marusic, U. (2023). Stroop in motion: Neurodynamic modulation underlying interference control while sitting, standing, and walking.\u00a0<i>Biological Psychology<\/i>, 108543. Advance online publication.<\/a><\/li><li><a href=\"https:\/\/pubmed.ncbi.nlm.nih.gov\/36836747\/\" target=\"_blank\" rel=\"noopener\">Omejc, N., Peskar, M., Miladinovi\u0107, A., Kavcic, V., D\u017eeroski, S., &amp; Marusic, U. (2023). On the influence of aging on classification performance in the visual EEG Oddball Paradigm using statistical and temporal features. <i>Life (Basel, Switzerland)<\/i>,\u00a0<i>13<\/i>(2), 391.<\/a><\/li><li><a href=\"https:\/\/pubmed.ncbi.nlm.nih.gov\/36767687\/\" target=\"_blank\" rel=\"noopener\">\u0160\u00f6men, M. M., Peskar, M., Wollesen, B., Gramann, K., &amp; Marusic, U. (2023). Does standing up enhance performance on the Stroop Task in healthy young adults? A systematic review and meta-analysis. <i>International Journal of Environmental Research and Public Health<\/i>,\u00a0<i>20<\/i>(3), 2319.<\/a><\/li><li><a href=\"https:\/\/pubmed.ncbi.nlm.nih.gov\/36591050\/\" target=\"_blank\" rel=\"noopener\">\u0160losar, L., Voelcker-Rehage, C., Paravli\u0107, A. H., Abazovic, E., de Bruin, E. D., &amp; Marusic, U. (2022). Combining physical and virtual worlds for motor-cognitive training interventions: Position paper with guidelines on technology classification in movement-related research.\u00a0<i>Frontiers in Psychology<\/i>,\u00a0<i>13<\/i>, 1009052.<\/a><\/li><li><a href=\"https:\/\/www.frontiersin.org\/articles\/10.3389\/fnagi.2022.1009532\/full?&amp;utm_source=Email_to_authors_&amp;utm_medium=Email&amp;utm_content=T1_11.5e1_author&amp;utm_campaign=Email_publication&amp;field=&amp;journalName=Frontiers_in_Aging_Neuroscience&amp;id=1009532\" target=\"_blank\" rel=\"noopener\">Campos, J. L., Marusic, U., &amp; Mahoney, J. R. (2022). Editorial: The intersection of cognitive, motor, and sensory processing in aging: Links to functional outcomes, Volume I. <i>Frontiers in Aging Neuroscience,<\/i>\u00a014:1009532.<\/a><\/li><li><a href=\"https:\/\/www.frontiersin.org\/articles\/10.3389\/fnhum.2022.949224\/full\">Dillen, A., Lathouwers, E., Miladinovi\u0107, A., Marusic, U., Ghaffari, F., Romain, O., &#8230; &amp; De Pauw, K. A data-driven machine learning approach for brain-computer interfaces targeting lower limb neuroprosthetics.\u00a0<i>Frontiers in Human Neuroscience<\/i>, 491.<\/a><\/li><li><a href=\"https:\/\/www.frontiersin.org\/articles\/10.3389\/fpsyg.2022.837710\/full\">Tera\u017e, K., \u0160losar, L., Paravlic, A. H., de Bruin, E. D., &amp; Marusic, U. Impact of motor-cognitive interventions on selected gait and balance outcomes in older adults: A systematic review and meta-analysis of randomized controlled trials. <em>Frontiers in Psychology<\/em>, 2555.<\/a><\/li><li><a href=\"https:\/\/www.frontiersin.org\/articles\/10.3389\/fpsyg.2022.847703\/full\">Li\u010den, T., Raku\u0161a, M., Bohnen, N., Manganotti, P., &amp; Marusic, U. Brain dynamics underlying preserved cycling ability in patients with Parkinson&#8217;s disease and freezing of gait.\u00a0<i>Frontiers in Psychology<\/i>, 3255.<\/a><\/li><li><a href=\"https:\/\/www.frontiersin.org\/articles\/10.3389\/fnagi.2022.845825\/full\">Marusic, U., Verghese, J., &amp; Mahoney, J. R. Does cognitive training improve mobility, enhance cognition, and promote neural activation?.\u00a0<i>Frontiers in Aging Neuroscience<\/i>, 485.<\/a><\/li><li><a href=\"https:\/\/www.frontiersin.org\/articles\/10.3389\/fnagi.2022.819576\/full\">Marusic, U., Peskar, M., De Pauw, K., Omejc, N., Drevensek, G., Rojc, B., &#8230; &amp; Kavcic, V. (2022). Neural bases of age-related sensorimotor slowing in the upper and lower limbs. <i>Frontiers in Aging Neuroscience<\/i>,\u00a0<i>14<\/i>.<\/a><\/li><li><a href=\"https:\/\/www.frontiersin.org\/articles\/10.3389\/fpsyg.2022.840863\/full\">Meulenberg, C. J., de Bruin, E. D., &amp; Marusic, U. (2022). A perspective on implementation of technology-driven exergames for adults as telerehabilitation services.\u00a0<em>Frontiers in Psychology, 13<\/em>.<\/a><\/li><li><a href=\"https:\/\/iopscience.iop.org\/article\/10.1088\/1741-2552\/ac542c\/pdf\">Gorjan, D., Gramann, K., De Pauw, K., &amp; Marusic, U. (2022). Removal of movement-induced EEG artifacts: current state of the art and guidelines.\u00a0<i>Journal of Neural Engineering,\u00a019<\/i>(1), 10.<\/a><\/li><li><a href=\"https:\/\/www.frontiersin.org\/articles\/10.3389\/fnagi.2021.773287\/full\">Wunderlich, A., Vogel, O., \u0160\u00f6men, M. M., Peskar, M., Fricke, M., Gramann, K., Protzak, J., Marusic, U. &amp; Wollesen, B. (2021). Dual-task performance in hearing-impaired older adults-Study protocol for a cross-sectional MoBI-study. <em>Frontiers in Aging Neuroscience, 13<\/em>, 773287.<\/a><\/li><li><a href=\"http:\/\/ojs.zrs-kp.si\/index.php\/AK\/article\/view\/252\">Marusic, U. (2020). TWINning the BRAIN with machine learning for neuro-muscular efficiency (TwinBrain). <em>Annales Kinesiologiae<\/em>,\u00a0<em>11<\/em>(1), 65-68.<\/a><\/li><\/ul><h3>\u00a0<\/h3><h3><strong>Conferences<\/strong><\/h3><ul><li><a href=\"https:\/\/almamater.si\/upload\/userfiles\/files\/Conference_2021\/AMEU_K-2021_Povzetki_B5_WEB.pdf\">PESKAR, Manca, MARU\u0160I\u010c, Uro\u0161. Understanding cognition through neurophysiological measures of brain activity under improved ecological validity conditions. 9th Scientific Conference AMEU \u2013 ECM, Maribor March 2021.<\/a><\/li><\/ul><ul><li>MILADINOVI\u0106, Aleksandar, AJ\u010cEVI\u0106, Milo\u0161, SILVERI, Giulia, JARMOLOWSKA, Joanna, MARU\u0160I\u010c, Uro\u0161, BATTAGLINI, Piero Paolo, ACCARDO, Agostino. NeuroTS : embodied based motor imagery brain-computer interface feedback system for neurorehabilitation. V: ForItAAL, Ambient Assisted Living, 11 forum Padova 2020 : workshop online 2020, 1 Dicembre 2020. [S. l.: s. n. ], 2020, http:\/\/www.foritaal2020.it\/wp-content\/uploads\/2016\/05\/Poster14.pdf.<\/li><\/ul><h3>\u00a0<\/h3><h3><strong>Books<\/strong><\/h3><ul><li>MARU\u0160I\u010c, Uro\u0161, MEULENBERG, C\u00e9cil J. W. Raz\u0161irjena resni\u010dnost kot mo\u017enost oddaljenega ocenjevanja kognicije in gibalne aktivnosti za starej\u0161e osebe med pandemijo Covid-19. In: <em>Telemedicine: online movement rehabilitation for Covid-19 consequences prevention : Multiple author monograph.<\/em> Visoko\u0161olski zavod Fizioterapevtika, 2021. Pages. 19-25. ISBN 978-961-93982-6-5.<\/li><\/ul><ul><li><span style=\"color: var( --e-global-color-text ); font-family: var( --e-global-typography-text-font-family ), Sans-serif; font-weight: var( --e-global-typography-text-font-weight );\">MEULENBERG, C\u00e9cil J. W., MARU\u0160I\u010c, Uro\u0161. Uporaba aplikacij raz\u0161irjene resni\u010dnosti kot diagnosti\u010dnega in terapevtskega telemedicinskega orodja za obolele odrasle s kroni\u010dnimi nenalezljivimi boleznimi.\u00a0In: <\/span><em style=\"color: var( --e-global-color-text ); font-family: var( --e-global-typography-text-font-family ), Sans-serif; font-weight: var( --e-global-typography-text-font-weight );\">Telemedicine: online movement rehabilitation for Covid-19 consequences prevention : Multiple author monograph.<\/em><span style=\"color: var( --e-global-color-text ); font-family: var( --e-global-typography-text-font-family ), Sans-serif; font-weight: var( --e-global-typography-text-font-weight );\"> Visoko\u0161olski zavod Fizioterapevtika, 2021. Pages.\u00a027-33. ISBN 978-961-93982-6-5.<\/span><\/li><\/ul>\t\t\t\t\t\t\t\t<\/div>\n\t\t\t\t<\/div>\n\t\t\t\t\t<\/div>\n\t\t<\/div>\n\t\t\t\t\t<\/div>\n\t\t<\/section>\n\t\t\t\t<\/div>\n\t\t","protected":false},"excerpt":{"rendered":"<p>Journals Marusic, U., &amp; Mahoney, J. R. (2024). Editorial: The intersection of cognitive, motor, and sensory processing in aging: links to functional outcomes, volume II. Frontiers in aging neuroscience, 15, 1340547. Marusic, U., Peskar, M., \u0160\u00f6men, M. M., Kalc, M., Holobar, A., Gramann, K., Wollesen,&#8230;<\/p>\n","protected":false},"author":1,"featured_media":0,"parent":0,"menu_order":0,"comment_status":"closed","ping_status":"closed","template":"","meta":{"footnotes":""},"class_list":["post-18702","page","type-page","status-publish","hentry"],"_links":{"self":[{"href":"http:\/\/www.twinbrain.si\/index.php?rest_route=\/wp\/v2\/pages\/18702","targetHints":{"allow":["GET"]}}],"collection":[{"href":"http:\/\/www.twinbrain.si\/index.php?rest_route=\/wp\/v2\/pages"}],"about":[{"href":"http:\/\/www.twinbrain.si\/index.php?rest_route=\/wp\/v2\/types\/page"}],"author":[{"embeddable":true,"href":"http:\/\/www.twinbrain.si\/index.php?rest_route=\/wp\/v2\/users\/1"}],"replies":[{"embeddable":true,"href":"http:\/\/www.twinbrain.si\/index.php?rest_route=%2Fwp%2Fv2%2Fcomments&post=18702"}],"version-history":[{"count":47,"href":"http:\/\/www.twinbrain.si\/index.php?rest_route=\/wp\/v2\/pages\/18702\/revisions"}],"predecessor-version":[{"id":21992,"href":"http:\/\/www.twinbrain.si\/index.php?rest_route=\/wp\/v2\/pages\/18702\/revisions\/21992"}],"wp:attachment":[{"href":"http:\/\/www.twinbrain.si\/index.php?rest_route=%2Fwp%2Fv2%2Fmedia&parent=18702"}],"curies":[{"name":"wp","href":"https:\/\/api.w.org\/{rel}","templated":true}]}}