{"id":18706,"date":"2021-01-26T11:15:59","date_gmt":"2021-01-26T11:15:59","guid":{"rendered":"http:\/\/194.249.1.175\/?page_id=18706"},"modified":"2023-03-28T21:05:13","modified_gmt":"2023-03-28T20:05:13","slug":"press","status":"publish","type":"page","link":"http:\/\/www.twinbrain.si\/?page_id=18706","title":{"rendered":"Press"},"content":{"rendered":"\t\t<div data-elementor-type=\"wp-page\" data-elementor-id=\"18706\" class=\"elementor elementor-18706\">\n\t\t\t\t\t\t<section class=\"elementor-section elementor-top-section elementor-element elementor-element-77c75cd5 elementor-section-boxed elementor-section-height-default elementor-section-height-default parallax_section_no qode_elementor_container_no\" data-id=\"77c75cd5\" data-element_type=\"section\" data-e-type=\"section\">\n\t\t\t\t\t\t<div class=\"elementor-container elementor-column-gap-default\">\n\t\t\t\t\t<div class=\"elementor-column elementor-col-100 elementor-top-column elementor-element elementor-element-342b0c0\" data-id=\"342b0c0\" data-element_type=\"column\" data-e-type=\"column\">\n\t\t\t<div class=\"elementor-widget-wrap elementor-element-populated\">\n\t\t\t\t\t\t<div class=\"elementor-element elementor-element-45e6eb9 elementor-widget elementor-widget-text-editor\" data-id=\"45e6eb9\" data-element_type=\"widget\" data-e-type=\"widget\" data-widget_type=\"text-editor.default\">\n\t\t\t\t<div class=\"elementor-widget-container\">\n\t\t\t\t\t\t\t\t\t<h3>28 MARCH 2023<\/h3>\n<hr \/>\n<h1>TwinBrain Newsletter<\/h1>\n<p style=\"font-weight: 400;\">\u2022 Intro from the Principal Investigator<br \/>\u2022 TwinBrain Workshop 3.0: Trieste, Italy<br \/>\u2022 TwinBrain Summer School 3.0: Piran, Slovenia<br \/>\u2022 TwinBrain Clinical trial \u2013 an update, Trieste, Italy<br \/>\u2022 TwinBrain scientific publications from 2022<br \/>\u2022 About the TwinBrain project<\/p>\n<p>\u00a0<\/p>\n<p><a href=\"http:\/\/www.twinbrain.si\/wp-content\/uploads\/2023\/03\/TB_Newsletter_MAR2023.pdf\" target=\"_blank\" rel=\"noopener\">Donwload the TwinBrain Newsletter<\/a><\/p>\n<p>\u00a0<\/p>\n<p>\u00a0<\/p>\n<p>\u00a0<\/p>\n<p>\u00a0<\/p>\n<h3>30 DECEMBER 2022<\/h3>\n<hr \/>\n<h1>TwinBrain Newsletter<\/h1>\n<p>\u2022 Intro from the Principal Investigator<br \/>\u2022 TwinBrain short documentary<br \/>\u2022 TwinBrain Workshop 2.0: Koper, Slovenia<br \/>\u2022 TwinBrain Summer School 2.0: Piran, Slovenia<br \/>\u2022 TwinBrain Round table 1.0: Koper, Slovenia<br \/>\u2022 TwinBrain Clinical trial, Trieste, Italy<br \/>\u2022 MoBI\/TwinBrain additional workshop in San Diego, USA<br \/>\u2022 TwinBrain podcasts<br \/>\u2022 TwinBrain scientific publications from 2022<br \/>\u2022 About the TwinBrain project<\/p>\n<p>\u00a0<\/p>\n<p><a href=\"http:\/\/www.twinbrain.si\/wp-content\/uploads\/2022\/12\/TB_Newsletter_DEC2022.pdf\" target=\"_blank\" rel=\"noopener\">Download the TwinBrain Newsletter<\/a><\/p>\n<h3>\u00a0<\/h3>\n<h3>\u00a0<\/h3>\n<h3>\u00a0<\/h3>\n<p>\u00a0<\/p>\n<h3>14 JULY 2022<\/h3>\n<hr \/>\n<h1>Radio Podcast: Parkinson&#8217;s disease and Neuroscience of movement<\/h1>\n<p>Principal investigator of the TwinBrain project, assoc. prof. dr. Uro\u0161 Maru\u0161i\u010d, from the Institute for Kinesiology Research (Science and research centre Koper), shared some encouraging news about the achievements of Slovenian research in this field in a conversation with Mojca Dela\u010d. What does riding a bike have to do with it? And why is walking also important in identifying Alzheimer&#8217;s disease? A new episode captured the answers!<\/p>\n<p><br \/>Link to the interview (the radio recording is in Slovenian): <a href=\"https:\/\/www.rtvslo.si\/rtv365\/arhiv\/174885547?s=radio\">https:\/\/www.rtvslo.si\/rtv365\/arhiv\/174885547?s=radio<\/a><\/p>\n<h3>\u00a0<\/h3>\n<h3>\u00a0<\/h3>\n<h3>\u00a0<\/h3>\n<p>\u00a0<\/p>\n<h3>30 DECEMBER 2021<\/h3>\n<hr \/>\n<h1>TwinBrain Newsletter<\/h1>\n<ul>\n<li>Intro from the Principal Investigator TwinBrain Workshop 1.0: Mobile Brain\/Body Imaging (MoBI), Berlin, Germany<\/li>\n<li>TwinBrain Summer School on Motion Neuroscience, Piran<\/li>\n<li>Slovenia Establishment of the SloMoBIL laboratory in Koper, Slovenia<\/li>\n<li>Discussing the crossroads of science, Trieste, Italy<\/li>\n<li>About the TwinBrain project<\/li>\n<\/ul>\n<p>\u00a0<\/p>\n<p><a href=\"http:\/\/www.twinbrain.si\/wp-content\/uploads\/2022\/05\/TwinBrain_Newsletter_DEC2021.pdf\" target=\"_blank\" rel=\"noopener\">Download the TwinBrain Newsletter<\/a><\/p>\n<h3>\u00a0<\/h3>\n<h3>\u00a0<\/h3>\n<h3>\u00a0<\/h3>\n<h3>\u00a0<\/h3>\n<h3>13 MAY 2021<\/h3>\n<hr \/>\n<h1>Radio Podcast: Exercise and the brain<\/h1>\n<p>That exercise is good for our body and brain is probably no longer questioned or doubted, but less is known about the mechanisms behind regular physical activity that contribute to better physical and mental well-being. Mojca Dela\u010d talked about the latest research, findings and work with Assoc. prof. dr. Uro\u0161 Maru\u0161i\u010d from the Institute for Kinesiology Research (ZRS Koper).<\/p>\n<p>\u00a0<\/p>\n<p>Link to the interview (the radio recording is in Slovenian): <a href=\"https:\/\/radioprvi.rtvslo.si\/2021\/04\/mozgani-na-dlani-nevron-pred-mikrofon-220\/\">https:\/\/radioprvi.rtvslo.si\/2021\/04\/mozgani-na-dlani-nevron-pred-mikrofon-220\/<\/a><\/p>\n<p><\/p>\n<h3>\u00a0<\/h3>\n<h3>\u00a0<\/h3>\n<h3>\u00a0<\/h3>\n<h3>\u00a0<\/h3>\n<h3>11 MARCH 2021<\/h3>\n<hr \/>\n<h1>Presentation of the TwinBrain project on RTV Slovenia<\/h1>\n<p>Dr. Uro\u0161 Maru\u0161i\u010d (TwinBrain Principal Investigator) presented activities of the TwinBrain project at the national TV on 24 February 2021 (online 11 March 2021).<\/p>\n<p>\u00a0<\/p>\n<p>Link to the interview: <a href=\"https:\/\/4d.rtvslo.si\/arhiv\/s-prehodi\/174760067\">https:\/\/4d.rtvslo.si\/arhiv\/s-prehodi\/174760067<\/a><\/p>\n<h3>\u00a0<\/h3>\n<h3>\u00a0<\/h3>\n<h3>\u00a0<\/h3>\n<h3>\u00a0<\/h3>\n<p><\/p>\n<p><\/p>\n<h3>4 November 2020<\/h3>\n<hr \/>\n<h1>Journal Primorske novice: TWINning the BRAIN with machine learning for neuro-muscular efficiency<\/h1>\n<p>Activities of the TwinBrain project presented in the local journal Primorske novice (4th November 2020):<\/p>\n<p><img fetchpriority=\"high\" decoding=\"async\" src=\"http:\/\/www.twinbrain.si\/wp-content\/uploads\/2021\/04\/press2.jpg\" alt=\"\" width=\"720\" height=\"867\" \/><\/p>\t\t\t\t\t\t\t\t<\/div>\n\t\t\t\t<\/div>\n\t\t\t\t\t<\/div>\n\t\t<\/div>\n\t\t\t\t\t<\/div>\n\t\t<\/section>\n\t\t\t\t<\/div>\n\t\t","protected":false},"excerpt":{"rendered":"<p>28 MARCH 2023 TwinBrain Newsletter \u2022 Intro from the Principal Investigator\u2022 TwinBrain Workshop 3.0: Trieste, Italy\u2022 TwinBrain Summer School 3.0: Piran, Slovenia\u2022 TwinBrain Clinical trial \u2013 an update, Trieste, Italy\u2022 TwinBrain scientific publications from 2022\u2022 About the TwinBrain project \u00a0 Donwload the TwinBrain Newsletter \u00a0&#8230;<\/p>\n","protected":false},"author":1,"featured_media":0,"parent":0,"menu_order":0,"comment_status":"closed","ping_status":"closed","template":"","meta":{"footnotes":""},"class_list":["post-18706","page","type-page","status-publish","hentry"],"_links":{"self":[{"href":"http:\/\/www.twinbrain.si\/index.php?rest_route=\/wp\/v2\/pages\/18706","targetHints":{"allow":["GET"]}}],"collection":[{"href":"http:\/\/www.twinbrain.si\/index.php?rest_route=\/wp\/v2\/pages"}],"about":[{"href":"http:\/\/www.twinbrain.si\/index.php?rest_route=\/wp\/v2\/types\/page"}],"author":[{"embeddable":true,"href":"http:\/\/www.twinbrain.si\/index.php?rest_route=\/wp\/v2\/users\/1"}],"replies":[{"embeddable":true,"href":"http:\/\/www.twinbrain.si\/index.php?rest_route=%2Fwp%2Fv2%2Fcomments&post=18706"}],"version-history":[{"count":37,"href":"http:\/\/www.twinbrain.si\/index.php?rest_route=\/wp\/v2\/pages\/18706\/revisions"}],"predecessor-version":[{"id":21749,"href":"http:\/\/www.twinbrain.si\/index.php?rest_route=\/wp\/v2\/pages\/18706\/revisions\/21749"}],"wp:attachment":[{"href":"http:\/\/www.twinbrain.si\/index.php?rest_route=%2Fwp%2Fv2%2Fmedia&parent=18706"}],"curies":[{"name":"wp","href":"https:\/\/api.w.org\/{rel}","templated":true}]}}