{"id":19022,"date":"2021-05-06T08:08:27","date_gmt":"2021-05-06T07:08:27","guid":{"rendered":"http:\/\/www.twinbrain.si\/?page_id=19022"},"modified":"2023-11-16T14:40:57","modified_gmt":"2023-11-16T13:40:57","slug":"workshop","status":"publish","type":"page","link":"http:\/\/www.twinbrain.si\/?page_id=19022","title":{"rendered":"Workshop"},"content":{"rendered":"\t\t<div data-elementor-type=\"wp-page\" data-elementor-id=\"19022\" class=\"elementor elementor-19022\">\n\t\t\t\t\t\t<section class=\"elementor-section elementor-top-section elementor-element elementor-element-f83231 elementor-section-boxed elementor-section-height-default elementor-section-height-default parallax_section_no qode_elementor_container_no\" data-id=\"f83231\" data-element_type=\"section\" data-e-type=\"section\">\n\t\t\t\t\t\t<div class=\"elementor-container elementor-column-gap-default\">\n\t\t\t\t\t<div class=\"elementor-column elementor-col-100 elementor-top-column elementor-element elementor-element-5dd88aad\" data-id=\"5dd88aad\" data-element_type=\"column\" data-e-type=\"column\">\n\t\t\t<div class=\"elementor-widget-wrap elementor-element-populated\">\n\t\t\t\t\t\t<div class=\"elementor-element elementor-element-fe1463a elementor-widget elementor-widget-text-editor\" data-id=\"fe1463a\" data-element_type=\"widget\" data-e-type=\"widget\" data-widget_type=\"text-editor.default\">\n\t\t\t\t<div class=\"elementor-widget-container\">\n\t\t\t\t\t\t\t\t\t<p><\/p>\n<h1>TwinBrain WORKSHOP 4.0<\/h1>\n<h2><b>MOBILE BRAIN\/BODY IMAGING (MOBI) \u2013 where theory meets hands-on experience <\/b><\/h2>\n<p>\u00a0<\/p>\n<p><strong>Key information:<\/strong><\/p>\n<p><strong>When?<\/strong> 27 November \u2013 30 November 2023<\/p>\n<p><strong>Where? <\/strong>Koper, Slovenia<\/p>\n<p><strong>Type?<\/strong> Hybrid (on-site and online participation)\u00a0<\/p>\n<p><strong>Who?<\/strong> Neuroscience of movement enthusiasts\u00a0<\/p>\n<p><strong>Pre-requirements?<\/strong> Registration online (free)<\/p>\n<p>\u00a0<\/p>\n<p><strong>Registration form: <\/strong><a href=\"https:\/\/forms.gle\/oxiDGGQdE8zz13KZ9\">https:\/\/forms.gle\/oxiDGGQdE8zz13KZ9<\/a><\/p>\n<p>Registration deadline:\u00a026.11.2023 (limited to 100 online followers)\u00a0<\/p>\n<p><img fetchpriority=\"high\" decoding=\"async\" class=\"aligncenter wp-image-21906 size-large\" src=\"http:\/\/www.twinbrain.si\/wp-content\/uploads\/2023\/11\/TBworkshop4.0-banner-1024x713.png\" alt=\"\" width=\"1024\" height=\"713\" srcset=\"http:\/\/www.twinbrain.si\/wp-content\/uploads\/2023\/11\/TBworkshop4.0-banner-1024x713.png 1024w, http:\/\/www.twinbrain.si\/wp-content\/uploads\/2023\/11\/TBworkshop4.0-banner-300x209.png 300w, http:\/\/www.twinbrain.si\/wp-content\/uploads\/2023\/11\/TBworkshop4.0-banner-768x535.png 768w, http:\/\/www.twinbrain.si\/wp-content\/uploads\/2023\/11\/TBworkshop4.0-banner-700x488.png 700w, http:\/\/www.twinbrain.si\/wp-content\/uploads\/2023\/11\/TBworkshop4.0-banner-600x418.png 600w, http:\/\/www.twinbrain.si\/wp-content\/uploads\/2023\/11\/TBworkshop4.0-banner.png 1141w\" sizes=\"(max-width: 1024px) 100vw, 1024px\" \/><\/p>\n<p><b>TWINBRAIN WORKSHOP 4.0 PROGRAM:\u00a0<\/b><\/p>\n<p>\u00a0<\/p>\n<p><b>DAY 1: \u00a0<\/b><\/p>\n<p><b>THE THEME OF THE DAY: \u00a0<\/b><b><u>Unfolding cognitive-motor interference: applying the unfold toolbox to mobile EEG data\u00a0<\/u><\/b><\/p>\n<p>PRESENTER: Anna Wunderlich, PhD (Germany)\u00a0<\/p>\n<p>\u00a0<\/p>\n<p>8.45 \u2013 9.00\u00a0 \u00a0Registration\u00a0<\/p>\n<p>9.00 \u2013 9.15\u00a0 \u00a0Welcome speech: Uro\u0161 Maru\u0161i\u010d, PhD, PI of the TwinBrain project\u00a0<\/p>\n<p>9.15 \u2013 9.45\u00a0 \u00a0Introduction to Unfold\u00a0<\/p>\n<p>9.45 \u2013 10.00\u00a0 \u00a0Coffee Break\u00a0<\/p>\n<p>10:00 \u2013 12:00\u00a0 \u00a0Using Unfold on cognitive-motor dual-tasking balance data; interactive session\u00a0<\/p>\n<p>12.00 \u2013 13.30\u00a0 \u00a0Lunch break\u00a0<\/p>\n<p>13.30 \u2013 17.30\u00a0 \u00a0Using Unfold on mobile EEG data obtained in cognitive-motor dual-tasking during overground walking; interactive session\u00a0<\/p>\n<p>\u00a0<\/p>\n<p><b>DAY 2:\u00a0\u00a0<\/b><\/p>\n<p><b>THE THEME OF THE DAY: <\/b><b><u>Analyzing the spatio-temporal profile of contrast and motion-onset visual-evoked potentials using high-density EEG\u00a0<\/u><\/b><\/p>\n<p>PRESENTER: Thorben H\u00fclsd\u00fcnker, PhD (Luxembourg)\u00a0<\/p>\n<p>\u00a0<\/p>\n<p>8.45 \u2013 9.00\u00a0 \u00a0Registration\u00a0<\/p>\n<p>9.00 \u2013 10.00\u00a0 \u00a0Introduction to VEP, hdEEG\u00a0<\/p>\n<p>10.00 \u2013 10.30\u00a0 \u00a0Coffee Break\u00a0<\/p>\n<p>10.30 \u2013 12.00\u00a0 \u00a0Analyses approaches in contrast and motion detection fields\u00a0\u00a0<\/p>\n<p>12.00 \u2013 13.30\u00a0 \u00a0Lunch break\u00a0\u00a0<\/p>\n<p>13.30 \u2013 15-00\u00a0 \u00a0Hands-on VEP analyses\u00a0<\/p>\n<p>\u00a0<\/p>\n<p><b>DAY 3:<\/b><\/p>\n<p><b>THE THEME OF THE DAY:\u00a0<\/b><b><u>Towards the network analysis approach \u2013 investigating functional connectivity using hdEEG\u00a0<\/u><\/b><\/p>\n<p>PRESENTER: Marco Marino, PhD (Italy)\u00a0<\/p>\n<p>\u00a0<\/p>\n<p>8.45 \u2013 9.00\u00a0 \u00a0Registration\u00a0<\/p>\n<p>9.00 \u2013 10.15\u00a0 \u00a0The potential of high-density electroencephalography to investigate brain networks in simulated microgravity \u00a0<\/p>\n<p>10.15 \u2013 10.45\u00a0 \u00a0Coffee Break\u00a0<\/p>\n<p>10.45 \u2013 12.00\u00a0 \u00a0Noninvasive Electrophysiology Toolbox (NET) for large-scale analysis of hdEEG data \u00a0<\/p>\n<p>12.00 \u2013 13.30\u00a0 \u00a0Lunch break\u00a0\u00a0<\/p>\n<p>13.30 \u2013 15.00\u00a0 \u00a0Online platform for peer-support hands-on session \u00a0<\/p>\n<p>\u00a0<\/p>\n<p><b>DAY 4:<\/b><\/p>\n<p><b>THE THEME OF THE DAY:\u00a0<u>Hands-on sessions (individual data analysis)<\/u><\/b><\/p>\n<div>9.00 \u2013 15.00\u00a0 \u00a0Individual data analysis<\/div>\n<p><\/p>\n<p><\/p>\t\t\t\t\t\t\t\t<\/div>\n\t\t\t\t<\/div>\n\t\t\t\t\t<\/div>\n\t\t<\/div>\n\t\t\t\t\t<\/div>\n\t\t<\/section>\n\t\t\t\t<\/div>\n\t\t","protected":false},"excerpt":{"rendered":"<p>TwinBrain WORKSHOP 4.0 MOBILE BRAIN\/BODY IMAGING (MOBI) \u2013 where theory meets hands-on experience \u00a0 Key information: When? 27 November \u2013 30 November 2023 Where? Koper, Slovenia Type? Hybrid (on-site and online participation)\u00a0 Who? Neuroscience of movement enthusiasts\u00a0 Pre-requirements? Registration online (free) \u00a0 Registration form: https:\/\/forms.gle\/oxiDGGQdE8zz13KZ9&#8230;<\/p>\n","protected":false},"author":1,"featured_media":0,"parent":0,"menu_order":0,"comment_status":"closed","ping_status":"closed","template":"","meta":{"footnotes":""},"class_list":["post-19022","page","type-page","status-publish","hentry"],"_links":{"self":[{"href":"http:\/\/www.twinbrain.si\/index.php?rest_route=\/wp\/v2\/pages\/19022","targetHints":{"allow":["GET"]}}],"collection":[{"href":"http:\/\/www.twinbrain.si\/index.php?rest_route=\/wp\/v2\/pages"}],"about":[{"href":"http:\/\/www.twinbrain.si\/index.php?rest_route=\/wp\/v2\/types\/page"}],"author":[{"embeddable":true,"href":"http:\/\/www.twinbrain.si\/index.php?rest_route=\/wp\/v2\/users\/1"}],"replies":[{"embeddable":true,"href":"http:\/\/www.twinbrain.si\/index.php?rest_route=%2Fwp%2Fv2%2Fcomments&post=19022"}],"version-history":[{"count":79,"href":"http:\/\/www.twinbrain.si\/index.php?rest_route=\/wp\/v2\/pages\/19022\/revisions"}],"predecessor-version":[{"id":21913,"href":"http:\/\/www.twinbrain.si\/index.php?rest_route=\/wp\/v2\/pages\/19022\/revisions\/21913"}],"wp:attachment":[{"href":"http:\/\/www.twinbrain.si\/index.php?rest_route=%2Fwp%2Fv2%2Fmedia&parent=19022"}],"curies":[{"name":"wp","href":"https:\/\/api.w.org\/{rel}","templated":true}]}}